{"id":111,"date":"2025-04-09T11:31:51","date_gmt":"2025-04-09T09:31:51","guid":{"rendered":"https:\/\/e4tech-software.lesosai.com\/lequipe\/"},"modified":"2025-04-11T14:07:48","modified_gmt":"2025-04-11T12:07:48","slug":"lequipe","status":"publish","type":"page","link":"https:\/\/www.e4tech-software.com\/en\/lequipe\/","title":{"rendered":"Team"},"content":{"rendered":"<div class=\"fusion-fullwidth fullwidth-box fusion-builder-row-1 fusion-flex-container nonhundred-percent-fullwidth non-hundred-percent-height-scrolling\" style=\"--awb-border-radius-top-left:0px;--awb-border-radius-top-right:0px;--awb-border-radius-bottom-right:0px;--awb-border-radius-bottom-left:0px;--awb-flex-wrap:wrap;\" ><div class=\"fusion-builder-row fusion-row fusion-flex-align-items-flex-start fusion-flex-content-wrap\" style=\"max-width:1248px;margin-left: calc(-4% \/ 2 );margin-right: calc(-4% \/ 2 );\"><div class=\"fusion-layout-column fusion_builder_column fusion-builder-column-0 fusion_builder_column_1_2 1_2 fusion-flex-column\" style=\"--awb-bg-size:cover;--awb-width-large:50%;--awb-margin-top-large:0px;--awb-spacing-right-large:3.84%;--awb-margin-bottom-large:0px;--awb-spacing-left-large:3.84%;--awb-width-medium:50%;--awb-spacing-right-medium:3.84%;--awb-spacing-left-medium:3.84%;--awb-width-small:100%;--awb-spacing-right-small:1.92%;--awb-spacing-left-small:1.92%;\"><div class=\"fusion-column-wrapper fusion-flex-justify-content-flex-start fusion-content-layout-column\"><div class=\"fusion-text fusion-text-1\"><h4>Flavio Foradini<\/h4>\n<p>Flavio Foradini is the CEO of E4tech Software.<br \/>\nHe specialises in building physics, sustainable buildings design and related software development. He leads our work on sustainable buildings and software development. He also has expertise in renewable energy projects and planning. Flavio has worked on these issues with industry, government and academic institutions. He has participated in a variety of Swiss and European research and development projects. He is a member of the Swiss Society of Engineers and Architects (SIA) and sits on the panel of SIA2031, SIA2044, SIA380\/2 and SIA380 commissions. Flavio has authored many journal and conference papers, and has participated as an expert evaluator for DG TREN for EU Framework Projects. Flavio is a member of the Swiss Region association of building physicists (Arphybat). He speaks French, English, Italian, German and Spanish.<\/p>\n<p><strong>Expertise<\/strong><br \/>\nBuilding physics and Sustainable Buildings design, in particular indoor air quality, ventilation and thermal analysis. Related software applications. Energy systems renewable and non renewalable.<\/p>\n<\/div><div class=\"fusion-text fusion-text-2\"><h4>Raffaella Chanson-Candiloro<\/h4>\n<p>Raffaella Chanson-Candiloro. After training in architecture and construction, she received a degree in Media Management from the Haute Ecole d\u2019Ing\u00e9nierie et de Gestion du Canton de Vaud (School of Business and Engineering Vaud). Raffaella brings her long standing interest in sustainable buildings as well as her experience in customer service and training to her role as Sales Engineer, supporting E4tech\u2019s suite of software tools.<\/p>\n<p><strong>Expertise<\/strong><br \/>\nCommunications, IT, requirements analysis, market research<\/p>\n<\/div><\/div><\/div><div class=\"fusion-layout-column fusion_builder_column fusion-builder-column-1 fusion_builder_column_1_2 1_2 fusion-flex-column\" style=\"--awb-bg-size:cover;--awb-width-large:50%;--awb-margin-top-large:0px;--awb-spacing-right-large:3.84%;--awb-margin-bottom-large:20px;--awb-spacing-left-large:3.84%;--awb-width-medium:50%;--awb-order-medium:0;--awb-spacing-right-medium:3.84%;--awb-spacing-left-medium:3.84%;--awb-width-small:100%;--awb-order-small:0;--awb-spacing-right-small:1.92%;--awb-spacing-left-small:1.92%;\"><div class=\"fusion-column-wrapper fusion-column-has-shadow fusion-flex-justify-content-flex-start fusion-content-layout-column\"><div class=\"fusion-text fusion-text-3\"><h4>Jean-Pierre Eggiman<\/h4>\n<p>Jean-Pierre Eggimann is a Senior Consultant. At E4tech, he works on the LESOSAI software and provides training on the use of this software. Jean-Pierre holds a Master&#8217;s degree in Engineering Physics (1984) as well as a Ph.D. in Physics (1990) from the Swiss Federal Institute of Technology (EPFL). He is highly experienced in the area of building energy savings and has participated in numerous EPFL research programs on this topic. He is the main author of the LESOSAI software and has participated in the development of the software since 1984. Jean-Pierre works part time at E4tech. Jean-Pierre speaks French and some German, English and Italian.<\/p>\n<p><strong>Expertise<\/strong><br \/>\nBuilding physics and software development, deep knowledge of the Swiss Society of Engineers and Architects (SIA) standards and MINERGIE<sup>\u00ae<\/sup>\u00a0requirements, customer training.<\/p>\n<\/div><div class=\"fusion-text fusion-text-4\"><h4>Didier Favre<\/h4>\n<p>Developper. He worked in the integration of different Swiss and international standard in Lesosai. He is also an expert in BIM\/BEM communication in different formats like IFC, gbXML and BCF.<\/p>\n<\/div><div class=\"fusion-text fusion-text-5\"><h4>Georg Tusch<\/h4>\n<p>Unterst\u00fctzt das E4tech Team seit M\u00e4rz 2017. Er stammt aus \u00d6sterreich wo er die Ausbildung zum HLK Ingenieur gemacht hat. Seit 15 Jahren lebt er in der Schweiz, seit 2007 her arbeitet im Bauphysi Software Sektor, im Bereich Support und Verkauf zust\u00e4ndig. Seine Aufgabe ist der Verkauf und auch die Betreuung der deutsch \u2013 Schweizer Kunden.<\/p>\n<\/div><div class=\"fusion-text fusion-text-6\"><h4>Darika Phophan<\/h4>\n<p>Darika Phophan is based in Lausanne. She studied at Silpakorn University of Fine Arts in Bangkok. She is responsible for design and communication.<\/p>\n<\/div><\/div><\/div><\/div><\/div>\n","protected":false},"excerpt":{"rendered":"","protected":false},"author":1,"featured_media":0,"parent":0,"menu_order":4,"comment_status":"closed","ping_status":"closed","template":"100-width.php","meta":{"footnotes":""},"class_list":["post-111","page","type-page","status-publish","hentry"],"_links":{"self":[{"href":"https:\/\/www.e4tech-software.com\/en\/wp-json\/wp\/v2\/pages\/111","targetHints":{"allow":["GET"]}}],"collection":[{"href":"https:\/\/www.e4tech-software.com\/en\/wp-json\/wp\/v2\/pages"}],"about":[{"href":"https:\/\/www.e4tech-software.com\/en\/wp-json\/wp\/v2\/types\/page"}],"author":[{"embeddable":true,"href":"https:\/\/www.e4tech-software.com\/en\/wp-json\/wp\/v2\/users\/1"}],"replies":[{"embeddable":true,"href":"https:\/\/www.e4tech-software.com\/en\/wp-json\/wp\/v2\/comments?post=111"}],"version-history":[{"count":2,"href":"https:\/\/www.e4tech-software.com\/en\/wp-json\/wp\/v2\/pages\/111\/revisions"}],"predecessor-version":[{"id":151,"href":"https:\/\/www.e4tech-software.com\/en\/wp-json\/wp\/v2\/pages\/111\/revisions\/151"}],"wp:attachment":[{"href":"https:\/\/www.e4tech-software.com\/en\/wp-json\/wp\/v2\/media?parent=111"}],"curies":[{"name":"wp","href":"https:\/\/api.w.org\/{rel}","templated":true}]}}